{"id":83,"date":"2020-09-23T08:45:35","date_gmt":"2020-09-23T06:45:35","guid":{"rendered":"https:\/\/iavpp.spsbj.sk\/?page_id=83"},"modified":"2023-08-18T13:18:22","modified_gmt":"2023-08-18T11:18:22","slug":"vitajte","status":"publish","type":"page","link":"https:\/\/iavpp.spsbj.sk\/","title":{"rendered":"Vitajte"},"content":{"rendered":"\n<p>N\u00e1zov projektu: <a><strong>Inovujeme a vzdel\u00e1vame pre prax<\/strong><\/a>(K\u00f3d ITMS: 312011Z527).<\/p>\n\n\n\n<p>Stredn\u00e1 priemyseln\u00e1 \u0161kola technick\u00e1 v&nbsp;Bardejove ukon\u010dila projekt \u201e<strong>Inovujeme a vzdel\u00e1vame pre prax<\/strong>\u201c, ktor\u00fd bol orientovan\u00fd na zv\u00fd\u0161enie kvality odborn\u00e9ho vzdel\u00e1vania a&nbsp;prisp\u00f4sobenie vzdel\u00e1vania po\u017eiadavk\u00e1m trhu pr\u00e1ce pomocou realiz\u00e1cie programov zameran\u00fdch na zv\u00fd\u0161enie kompetenci\u00ed, ktor\u00e9 s\u00fa pre to k\u013e\u00fa\u010dov\u00e9. Realiz\u00e1cia projektu bola pl\u00e1novan\u00e1 na obdobie 30 mesiacov, pri\u010dom sa projekt kv\u00f4li COVID-19 pred\u013a\u017eil na 36 mesiacov (za\u010diatok 09\/2020 a&nbsp;ukon\u010denie 07\/2023).<\/p>\n\n\n\n<p>Projekt \u201e<strong>Inovujeme a vzdel\u00e1vame pre prax<\/strong>\u201c (k\u00f3d projektu: 312011Z527) bol realizovan\u00fd v r\u00e1mci prioritnej osi 1 opera\u010dn\u00e9ho programu \u013dudsk\u00e9 zdroje, na z\u00e1klade v\u00fdzvy Prepojenie stredo\u0161kolsk\u00e9ho vzdel\u00e1vania s praxou (OPLZ-PO1\/2019\/DOP\/1.2.1-01).<\/p>\n\n\n\n<p>Projekt bol orientovan\u00fd na cie\u013eov\u00fa skupinu 250 \u017eiakov a&nbsp;24 u\u010dite\u013eov \u0161koly, a&nbsp;prebiehal po\u010das 3 \u0161kolsk\u00fdch rokov. Celkov\u00e9 n\u00e1klady na projekt boli napl\u00e1novan\u00e9 na 229 455,42 \u20ac, v\u00fd\u0161ka poskytnut\u00e9ho nen\u00e1vratn\u00e9ho finan\u010dn\u00e9ho pr\u00edspevku na 217 982,65 \u20ac.<\/p>\n\n\n\n<p><\/p>\n\n\n\n<div class=\"wp-block-columns is-layout-flex wp-container-core-columns-is-layout-1 wp-block-columns-is-layout-flex\">\n<div class=\"wp-block-column is-layout-flow wp-block-column-is-layout-flow\">\n<figure class=\"wp-block-image size-full\"><img loading=\"lazy\" decoding=\"async\" width=\"399\" height=\"126\" src=\"https:\/\/iavpp.spsbj.sk\/wp-content\/uploads\/2023\/03\/Minedu.png\" alt=\"\" class=\"wp-image-1223\" srcset=\"https:\/\/iavpp.spsbj.sk\/wp-content\/uploads\/2023\/03\/Minedu.png 399w, https:\/\/iavpp.spsbj.sk\/wp-content\/uploads\/2023\/03\/Minedu-300x95.png 300w\" sizes=\"(max-width: 399px) 100vw, 399px\" \/><figcaption class=\"wp-element-caption\"><a href=\"https:\/\/www.minedu.sk\/\" data-type=\"URL\" data-id=\"https:\/\/www.minedu.sk\/\">www.minedu.sk<\/a><\/figcaption><\/figure>\n\n\n\n<p><\/p>\n<\/div>\n\n\n\n<div class=\"wp-block-column is-layout-flow wp-block-column-is-layout-flow\">\n<figure class=\"wp-block-image size-full\"><img loading=\"lazy\" decoding=\"async\" width=\"600\" height=\"123\" src=\"https:\/\/iavpp.spsbj.sk\/wp-content\/uploads\/2023\/03\/esfaefrr_farebne.png\" alt=\"\" class=\"wp-image-1224\" srcset=\"https:\/\/iavpp.spsbj.sk\/wp-content\/uploads\/2023\/03\/esfaefrr_farebne.png 600w, https:\/\/iavpp.spsbj.sk\/wp-content\/uploads\/2023\/03\/esfaefrr_farebne-300x62.png 300w\" sizes=\"(max-width: 600px) 100vw, 600px\" \/><figcaption class=\"wp-element-caption\"><a href=\"http:\/\/www.esf.gov.sk\" data-type=\"URL\">www.esf.gov.sk<\/a><\/figcaption><\/figure>\n<\/div>\n\n\n\n<div class=\"wp-block-column is-layout-flow wp-block-column-is-layout-flow\">\n<figure class=\"wp-block-image size-full\"><img loading=\"lazy\" decoding=\"async\" width=\"978\" height=\"195\" src=\"https:\/\/iavpp.spsbj.sk\/wp-content\/uploads\/2023\/03\/7979_oplzhorizontalsmall.png\" alt=\"\" class=\"wp-image-1225\" srcset=\"https:\/\/iavpp.spsbj.sk\/wp-content\/uploads\/2023\/03\/7979_oplzhorizontalsmall.png 978w, https:\/\/iavpp.spsbj.sk\/wp-content\/uploads\/2023\/03\/7979_oplzhorizontalsmall-300x60.png 300w, https:\/\/iavpp.spsbj.sk\/wp-content\/uploads\/2023\/03\/7979_oplzhorizontalsmall-768x153.png 768w\" sizes=\"(max-width: 978px) 100vw, 978px\" \/><figcaption class=\"wp-element-caption\"><a href=\"https:\/\/www.ludskezdroje.gov.sk\/\">www.ludskezdroje.gov.sk<\/a><\/figcaption><\/figure>\n<\/div>\n<\/div>\n\n\n\n<h2 class=\"wp-block-heading\">Aktivity projektu:<\/h2>\n\n\n\n<p>V&nbsp;r\u00e1mci projektu bude prebieha\u0165 nieko\u013eko aktiv\u00edt<\/p>\n\n\n\n<ol class=\"wp-block-list\" type=\"1\">\n<li><strong>Aktivity zameran\u00e9 na zv\u00fd\u0161enie matematick\u00fdch, \u010ditate\u013esk\u00fdch, pr\u00edrodovedn\u00fdch, finan\u010dn\u00fdch, jazykov\u00fdch zru\u010dnost\u00ed a&nbsp;gramotnost\u00ed \u017eiakov a&nbsp;tie\u017e ich IKT zru\u010dnost\u00ed<\/strong>.<\/li>\n<\/ol>\n\n\n\n<p>Pre \u017eiakov bud\u00fa pripraven\u00e9:<\/p>\n\n\n\n<ul class=\"wp-block-list\">\n<li><strong>mimo\u0161kolsk\u00e9 \u010dinnosti vo forme kr\u00fa\u017ekov:<\/strong>\n<ul class=\"wp-block-list\">\n<li>11a Liter\u00e1rne a jazykov\u00e9 praktikum:<\/li>\n\n\n\n<li>11b Cudz\u00ed jazyk v&nbsp;odbore:<\/li>\n\n\n\n<li>11c Elektrotechnick\u00e1 sp\u00f4sobilos\u0165:<\/li>\n\n\n\n<li>11d Internet veci a&nbsp;my:<\/li>\n\n\n\n<li>11e Spr\u00e1va servera:<\/li>\n\n\n\n<li>11f Cvi\u010denia z po\u010d\u00edta\u010dov\u00fdch siet\u00ed:<\/li>\n<\/ul>\n<\/li>\n\n\n\n<li><strong>tematick\u00e9 workshopy:<\/strong>\n<ul class=\"wp-block-list\">\n<li>12a Dramatiz\u00e1cia<\/li>\n\n\n\n<li>12b Ludolfovo \u010d\u00edslo \u03c0<\/li>\n\n\n\n<li>12c Fyzik\u00e1lne javy a&nbsp;pokusy<\/li>\n\n\n\n<li>12d Podpora mal\u00e9ho a stredn\u00e9ho podnikania<\/li>\n\n\n\n<li>12e Rozvoj zru\u010dnost\u00ed v anglickom jazyku<\/li>\n\n\n\n<li>12f V\u00fdvoj mobiln\u00fdch aplik\u00e1ci\u00ed<\/li>\n\n\n\n<li>12g Internet veci (IoT) &#8211; modern\u00e9 informa\u010dn\u00e9 technol\u00f3gie<\/li>\n\n\n\n<li>12h Nakonfiguruj si vlastn\u00fa sie\u0165<\/li>\n<\/ul>\n<\/li>\n\n\n\n<li><strong>Aktivity zameran\u00e9 na podporu rozvoja profesijn\u00fdch kompetenci\u00ed u\u010dite\u013eov<\/strong><\/li>\n<\/ul>\n\n\n\n<p>formou pedagogick\u00fdch klubov a&nbsp;samostatn\u00fdch vzdel\u00e1vac\u00edch aktiv\u00edt u\u010dite\u013eov (\u0161kolenia). Z\u00e1merom projektu je podpori\u0165 rozvoj profesijn\u00fdch kompetenci\u00ed pedagogick\u00fdch zamestnancov \u0161koly tak, aby boli pripraven\u00ed efekt\u00edvnej\u0161ie a&nbsp;\u00faspe\u0161nej\u0161ie vzdel\u00e1va\u0165 \u017eiakov priamo vo v\u00fdchovno-vzdel\u00e1vacom procese.<\/p>\n\n\n\n<p>U\u010ditelia sa m\u00f4\u017eu zapoji\u0165 do nasledovn\u00fdch aktiv\u00edt:<\/p>\n\n\n\n<ul class=\"wp-block-list\">\n<li><strong>pedagogick\u00e9 kluby:<\/strong>\n<ul class=\"wp-block-list\">\n<li>14a Klub u\u010dite\u013eov \u010cG<\/li>\n\n\n\n<li>14b Klub u\u010dite\u013eov FG<\/li>\n\n\n\n<li>14c Klub u\u010dite\u013eov pre IKT zru\u010dnosti<\/li>\n\n\n\n<li>14d Klub u\u010dite\u013eov PrG<\/li>\n<\/ul>\n<\/li>\n\n\n\n<li><strong>vzdel\u00e1vanie u\u010dite\u013eov:<\/strong>\n<ul class=\"wp-block-list\">\n<li>13a Z\u00e1klady IT<\/li>\n\n\n\n<li>13b Spr\u00e1va syst\u00e9mu Microsoft Windows Server<\/li>\n\n\n\n<li>13c Spr\u00e1va syst\u00e9mu Linux<\/li>\n\n\n\n<li>13d Programovanie v jazyku Python<\/li>\n\n\n\n<li>13e Datab\u00e1zy SQL<\/li>\n\n\n\n<li>13f V\u00fdvoj mobiln\u00fdch aplik\u00e1ci\u00ed pre syst\u00e9m Android<\/li>\n\n\n\n<li>13g Grafick\u00e9 produkty Adobe<\/li>\n\n\n\n<li>13h Aktualiz\u00e1cia met\u00f3d sebapozn\u00e1vania s d\u00f4razom na uplatnenie v eduka\u010dnom procese<\/li>\n<\/ul>\n<\/li>\n<\/ul>\n\n\n\n<p>S\u00fa\u010das\u0165ou realiz\u00e1cie projektu je koordin\u00e1cia projektu, ktor\u00e1 pozost\u00e1va z \u010dinnost\u00ed riadenia projektu, publicity, informovanosti a administr\u00e1cie projektu a prebieha po\u010das celej doby implement\u00e1cie projektu.<\/p>\n","protected":false},"excerpt":{"rendered":"<p>N\u00e1zov projektu: Inovujeme a vzdel\u00e1vame pre prax(K\u00f3d ITMS: 312011Z527). Stredn\u00e1 priemyseln\u00e1 \u0161kola technick\u00e1 v&nbsp;Bardejove ukon\u010dila projekt \u201eInovujeme a vzdel\u00e1vame pre prax\u201c, ktor\u00fd bol orientovan\u00fd na zv\u00fd\u0161enie kvality odborn\u00e9ho vzdel\u00e1vania a&nbsp;prisp\u00f4sobenie vzdel\u00e1vania po\u017eiadavk\u00e1m trhu pr\u00e1ce pomocou realiz\u00e1cie programov zameran\u00fdch na zv\u00fd\u0161enie kompetenci\u00ed, ktor\u00e9 s\u00fa pre to k\u013e\u00fa\u010dov\u00e9. Realiz\u00e1cia projektu bola pl\u00e1novan\u00e1 na obdobie 30 mesiacov, pri\u010dom [&hellip;]<\/p>\n","protected":false},"author":1,"featured_media":0,"parent":0,"menu_order":0,"comment_status":"closed","ping_status":"closed","template":"","meta":{"footnotes":""},"class_list":["post-83","page","type-page","status-publish","hentry"],"_links":{"self":[{"href":"https:\/\/iavpp.spsbj.sk\/index.php?rest_route=\/wp\/v2\/pages\/83"}],"collection":[{"href":"https:\/\/iavpp.spsbj.sk\/index.php?rest_route=\/wp\/v2\/pages"}],"about":[{"href":"https:\/\/iavpp.spsbj.sk\/index.php?rest_route=\/wp\/v2\/types\/page"}],"author":[{"embeddable":true,"href":"https:\/\/iavpp.spsbj.sk\/index.php?rest_route=\/wp\/v2\/users\/1"}],"replies":[{"embeddable":true,"href":"https:\/\/iavpp.spsbj.sk\/index.php?rest_route=%2Fwp%2Fv2%2Fcomments&post=83"}],"version-history":[{"count":4,"href":"https:\/\/iavpp.spsbj.sk\/index.php?rest_route=\/wp\/v2\/pages\/83\/revisions"}],"predecessor-version":[{"id":1229,"href":"https:\/\/iavpp.spsbj.sk\/index.php?rest_route=\/wp\/v2\/pages\/83\/revisions\/1229"}],"wp:attachment":[{"href":"https:\/\/iavpp.spsbj.sk\/index.php?rest_route=%2Fwp%2Fv2%2Fmedia&parent=83"}],"curies":[{"name":"wp","href":"https:\/\/api.w.org\/{rel}","templated":true}]}}